{"id":8371,"date":"2021-11-10T23:43:34","date_gmt":"2021-11-10T20:43:34","guid":{"rendered":"https:\/\/dimitroulias.gr\/?post_type=product&#038;p=8371"},"modified":"2021-12-12T21:13:17","modified_gmt":"2021-12-12T18:13:17","slug":"sentonia-mona-set-160x260-palamaiki-team-licenced-aek-4","status":"publish","type":"product","link":"https:\/\/dimitroulias.gr\/en\/product\/sentonia-mona-set-160x260-palamaiki-team-licenced-aek-4\/","title":{"rendered":"Single Sheets (Set) 160X260 Palamaiki Team Licensed Aek 4"},"content":{"rendered":"<div class=\"vc_row wpb_row vc_row-fluid\"><div class=\"wpb_column vc_column_container vc_col-sm-12\"><div class=\"vc_column-inner\"><div class=\"wpb_wrapper\">\n\t<div class=\"wpb_text_column wpb_content_element\" >\n\t\t<div class=\"wpb_wrapper\">\n\t\t\t<p>Made of 100% cotton fabric of 144 threads. With the Authentic Collection Official Team you can enjoy what pleases you the most, your team, in your bedroom or bathroom, even give to those who love or want to love it. Your favorite team in your dreams! Bed linen set with excellent quality 100% Cotton, Yellow color, and Sports Teams pattern. From the company Palamaiki.<\/p>\n<ul>\n<li style=\"list-style-type: none;\">\n<ul>\n<li>Quality: 100% Cotton<\/li>\n<li>Pieces: 1 Sheet 160 \u00d7 260, 1 Sheet 160 \u00d7 260 or 1 Sheet with Rubber 100 \u00d7 200 + 30, 1 Pillow Case Envelope 50 \u00d7 75<\/li>\n<li>Threads Per Inch: 144<\/li>\n<\/ul>\n<\/li>\n<\/ul>\n<p>Care: To be washed at 30 \u03bfC. To be ironed up to 200 \u03bfC. Strong bleach and chlorine are prohibited. Dryer is prohibited. Dry cleaning is prohibited.<\/p>\n\n\t\t<\/div>\n\t<\/div>\n<\/div><\/div><\/div><\/div><div class=\"vc_row wpb_row vc_row-fluid\"><div class=\"wpb_column vc_column_container vc_col-sm-12\"><div class=\"vc_column-inner\"><div class=\"wpb_wrapper\">\n\t<div class=\"wpb_text_column wpb_content_element\" >\n\t\t<div class=\"wpb_wrapper\">\n\t\t\t<table id=\"product-attribute-specs-table\" class=\"data-table\">\n<tbody>\n<tr class=\"first odd\">\n<th class=\"label\">Colour<\/th>\n<td class=\"data last\">Yellow<\/td>\n<\/tr>\n<tr class=\"even\">\n<th class=\"label\">Brand<\/th>\n<td class=\"data last\">Palamaiki<\/td>\n<\/tr>\n<tr class=\"odd\">\n<th class=\"label\">Type<\/th>\n<td class=\"data last\">Set of sheets<\/td>\n<\/tr>\n<tr class=\"even\">\n<th class=\"label\">Quality<\/th>\n<td class=\"data last\">100% Cotton<\/td>\n<\/tr>\n<tr class=\"odd\">\n<th class=\"label\">Dimensions<\/th>\n<td class=\"data last\">160&#215;260<\/td>\n<\/tr>\n<tr class=\"even\">\n<th class=\"label\">Design<\/th>\n<td class=\"data last\">Sports Teams<\/td>\n<\/tr>\n<tr class=\"last odd\">\n<th class=\"label\">Threads Per Inch<\/th>\n<td class=\"data last\">144<\/td>\n<\/tr>\n<\/tbody>\n<\/table>\n\n\t\t<\/div>\n\t<\/div>\n<\/div><\/div><\/div><\/div>","protected":false},"excerpt":{"rendered":"<p>Made of 100% cotton fabric of 144 threads. With the Authentic Collection Official Team you can enjoy what pleases you the most, your team, in your bedroom or bathroom, even give to those who love or want to love it. Your favorite team in your dreams!<\/p>","protected":false},"featured_media":0,"template":"","meta":[],"product_cat":[43,206],"product_tag":[],"_links":{"self":[{"href":"https:\/\/dimitroulias.gr\/en\/wp-json\/wp\/v3\/product\/8371"}],"collection":[{"href":"https:\/\/dimitroulias.gr\/en\/wp-json\/wp\/v3\/product"}],"about":[{"href":"https:\/\/dimitroulias.gr\/en\/wp-json\/wp\/v2\/types\/product"}],"wp:attachment":[{"href":"https:\/\/dimitroulias.gr\/en\/wp-json\/wp\/v2\/media?parent=8371"}],"wp:term":[{"taxonomy":"product_cat","embeddable":true,"href":"https:\/\/dimitroulias.gr\/en\/wp-json\/wp\/v2\/product_cat?post=8371"},{"taxonomy":"product_tag","embeddable":true,"href":"https:\/\/dimitroulias.gr\/en\/wp-json\/wp\/v2\/product_tag?post=8371"}],"curies":[{"name":"wp","href":"https:\/\/api.w.org\/{rel}","templated":true}]}}